{"id":36,"date":"2025-05-16T14:49:32","date_gmt":"2025-05-16T14:49:32","guid":{"rendered":"https:\/\/www.ecogeniaequipment.com\/?page_id=36"},"modified":"2026-04-08T12:02:35","modified_gmt":"2026-04-08T16:02:35","slug":"home","status":"publish","type":"page","link":"https:\/\/www.ecogeniaequipment.com\/fr\/","title":{"rendered":"Accueil"},"content":{"rendered":"<div data-elementor-type=\"wp-page\" data-elementor-id=\"36\" class=\"elementor elementor-36\" data-elementor-post-type=\"page\">\n\t\t\t\t\t\t<section class=\"elementor-section elementor-top-section elementor-element elementor-element-160b658e elementor-section-height-min-height elementor-section-items-top elementor-section-boxed elementor-section-height-default\" data-id=\"160b658e\" data-element_type=\"section\" data-e-type=\"section\" data-settings=\"{&quot;background_background&quot;:&quot;classic&quot;}\">\n\t\t\t\t\t\t<div class=\"elementor-container elementor-column-gap-no\">\n\t\t\t\t\t<div class=\"elementor-column elementor-col-100 elementor-top-column elementor-element elementor-element-12d384c\" data-id=\"12d384c\" data-element_type=\"column\" data-e-type=\"column\">\n\t\t\t<div class=\"elementor-widget-wrap elementor-element-populated\">\n\t\t\t\t<div class=\"elementor-element elementor-element-7162341 e-flex e-con-boxed e-con e-parent\" data-id=\"7162341\" data-element_type=\"container\" data-e-type=\"container\">\n\t\t\t\t\t<div class=\"e-con-inner\">\n\t\t\t\t\t<\/div>\n\t\t\t\t<\/div>\n\t\t\t\t<div class=\"elementor-element elementor-element-f57eb1f elementor-widget elementor-widget-theme-site-logo elementor-widget-image\" data-id=\"f57eb1f\" data-element_type=\"widget\" data-e-type=\"widget\" data-settings=\"{&quot;_animation&quot;:&quot;none&quot;}\" data-widget_type=\"theme-site-logo.default\">\n\t\t\t\t<div class=\"elementor-widget-container\">\n\t\t\t\t\t\t\t\t\t\t\t<a href=\"https:\/\/www.ecogeniaequipment.com\/fr\">\n\t\t\t<img fetchpriority=\"high\" decoding=\"async\" width=\"1920\" height=\"433\" src=\"https:\/\/www.ecogeniaequipment.com\/wp-content\/uploads\/2025\/05\/Untitled-design-2.webp\" class=\"attachment-full size-full wp-image-403\" alt=\"EcoGenia Logo\" srcset=\"https:\/\/www.ecogeniaequipment.com\/wp-content\/uploads\/2025\/05\/Untitled-design-2.webp 1920w, https:\/\/www.ecogeniaequipment.com\/wp-content\/uploads\/2025\/05\/Untitled-design-2-300x68.webp 300w, https:\/\/www.ecogeniaequipment.com\/wp-content\/uploads\/2025\/05\/Untitled-design-2-1024x231.webp 1024w, https:\/\/www.ecogeniaequipment.com\/wp-content\/uploads\/2025\/05\/Untitled-design-2-768x173.webp 768w, https:\/\/www.ecogeniaequipment.com\/wp-content\/uploads\/2025\/05\/Untitled-design-2-1536x346.webp 1536w, https:\/\/www.ecogeniaequipment.com\/wp-content\/uploads\/2025\/05\/Untitled-design-2-18x4.webp 18w\" sizes=\"(max-width: 1920px) 100vw, 1920px\" \/>\t\t\t\t<\/a>\n\t\t\t\t\t\t\t\t\t\t\t<\/div>\n\t\t\t\t<\/div>\n\t\t\t\t\t<\/div>\n\t\t<\/div>\n\t\t\t\t\t<\/div>\n\t\t<\/section>\n\t\t<div class=\"elementor-element elementor-element-af65efa e-flex e-con-boxed e-con e-parent\" data-id=\"af65efa\" data-element_type=\"container\" data-e-type=\"container\" data-settings=\"{&quot;background_background&quot;:&quot;classic&quot;}\">\n\t\t\t\t\t<div class=\"e-con-inner\">\n\t\t<div class=\"elementor-element elementor-element-21c14f0 e-con-full e-flex e-con e-child\" data-id=\"21c14f0\" data-element_type=\"container\" data-e-type=\"container\">\n\t\t\t\t<div class=\"elementor-element elementor-element-94fd148 elementor-widget elementor-widget-heading\" data-id=\"94fd148\" data-element_type=\"widget\" data-e-type=\"widget\" data-widget_type=\"heading.default\">\n\t\t\t\t<div class=\"elementor-widget-container\">\n\t\t\t\t\t<h2 class=\"elementor-heading-title elementor-size-default\"><a href=\"https:\/\/www.ecogeniaequipment.com\/fr\/our-products\/\">D\u00c9COUVREZ NOS PRODUITS<\/a><\/h2>\t\t\t\t<\/div>\n\t\t\t\t<\/div>\n\t\t\t\t<\/div>\n\t\t<div class=\"elementor-element elementor-element-35c5301 e-con-full e-flex e-con e-child\" data-id=\"35c5301\" data-element_type=\"container\" data-e-type=\"container\">\n\t\t\t\t<div class=\"elementor-element elementor-element-1ebc88e elementor-widget elementor-widget-image\" data-id=\"1ebc88e\" data-element_type=\"widget\" data-e-type=\"widget\" data-widget_type=\"image.default\">\n\t\t\t\t<div class=\"elementor-widget-container\">\n\t\t\t\t\t\t\t\t\t\t\t\t\t\t\t\t<a href=\"https:\/\/www.ecogeniaequipment.com\/fr\/our-products\/#manualpallettruck\">\n\t\t\t\t\t\t\t<img decoding=\"async\" width=\"800\" height=\"534\" src=\"https:\/\/www.ecogeniaequipment.com\/wp-content\/uploads\/2025\/05\/EcoGenia-Manual-Pallet-Truck-1024x684.webp\" class=\"attachment-large size-large wp-image-77\" alt=\"\" srcset=\"https:\/\/www.ecogeniaequipment.com\/wp-content\/uploads\/2025\/05\/EcoGenia-Manual-Pallet-Truck-1024x684.webp 1024w, https:\/\/www.ecogeniaequipment.com\/wp-content\/uploads\/2025\/05\/EcoGenia-Manual-Pallet-Truck-300x200.webp 300w, https:\/\/www.ecogeniaequipment.com\/wp-content\/uploads\/2025\/05\/EcoGenia-Manual-Pallet-Truck-768x513.png 768w, https:\/\/www.ecogeniaequipment.com\/wp-content\/uploads\/2025\/05\/EcoGenia-Manual-Pallet-Truck.webp 1500w\" sizes=\"(max-width: 800px) 100vw, 800px\" \/>\t\t\t\t\t\t\t\t<\/a>\n\t\t\t\t\t\t\t\t\t\t\t\t\t\t\t<\/div>\n\t\t\t\t<\/div>\n\t\t\t\t<div class=\"elementor-element elementor-element-7a9059f elementor-widget elementor-widget-heading\" data-id=\"7a9059f\" data-element_type=\"widget\" data-e-type=\"widget\" data-widget_type=\"heading.default\">\n\t\t\t\t<div class=\"elementor-widget-container\">\n\t\t\t\t\t<h2 class=\"elementor-heading-title elementor-size-default\"><a href=\"https:\/\/www.ecogeniaequipment.com\/fr\/our-products\/#manualpallettruck\">Transpalette Manuel<\/a><\/h2>\t\t\t\t<\/div>\n\t\t\t\t<\/div>\n\t\t\t\t<div class=\"elementor-element elementor-element-409b07e elementor-widget elementor-widget-text-editor\" data-id=\"409b07e\" data-element_type=\"widget\" data-e-type=\"widget\" data-widget_type=\"text-editor.default\">\n\t\t\t\t<div class=\"elementor-widget-container\">\n\t\t\t\t\t\t\t\t\t<p>Con\u00e7us pour \u00eatre robustes, stables et faciles \u00e0 manipuler dans les environnements d'entrep\u00f4t exigeants. Con\u00e7u pour la durabilit\u00e9 et la facilit\u00e9 d'utilisation, il permet \u00e0 vos op\u00e9rations de se d\u00e9rouler efficacement \u00e0 chaque pouss\u00e9e manuelle.<\/p>\t\t\t\t\t\t\t\t<\/div>\n\t\t\t\t<\/div>\n\t\t\t\t<div class=\"elementor-element elementor-element-a8c1ca3 elementor-align-center elementor-widget elementor-widget-button\" data-id=\"a8c1ca3\" data-element_type=\"widget\" data-e-type=\"widget\" data-widget_type=\"button.default\">\n\t\t\t\t<div class=\"elementor-widget-container\">\n\t\t\t\t\t\t\t\t\t<div class=\"elementor-button-wrapper\">\n\t\t\t\t\t<a class=\"elementor-button elementor-button-link elementor-size-sm elementor-animation-bob\" href=\"https:\/\/www.ecogeniaequipment.com\/fr\/our-products\/#manualpallettruck\">\n\t\t\t\t\t\t<span class=\"elementor-button-content-wrapper\">\n\t\t\t\t\t\t\t\t\t<span class=\"elementor-button-text\">En savoir plus<\/span>\n\t\t\t\t\t<\/span>\n\t\t\t\t\t<\/a>\n\t\t\t\t<\/div>\n\t\t\t\t\t\t\t\t<\/div>\n\t\t\t\t<\/div>\n\t\t\t\t<\/div>\n\t\t<div class=\"elementor-element elementor-element-90337b5 e-con-full e-flex e-con e-child\" data-id=\"90337b5\" data-element_type=\"container\" data-e-type=\"container\">\n\t\t\t\t<div class=\"elementor-element elementor-element-2664cc2 elementor-widget elementor-widget-image\" data-id=\"2664cc2\" data-element_type=\"widget\" data-e-type=\"widget\" data-widget_type=\"image.default\">\n\t\t\t\t<div class=\"elementor-widget-container\">\n\t\t\t\t\t\t\t\t\t\t\t\t\t\t\t\t<a href=\"https:\/\/www.ecogeniaequipment.com\/fr\/our-products\/#electricpallettruck\">\n\t\t\t\t\t\t\t<img decoding=\"async\" width=\"800\" height=\"534\" src=\"https:\/\/www.ecogeniaequipment.com\/wp-content\/uploads\/2025\/05\/EcoGenia-Electric-Pallet-Truck-1024x684.webp\" class=\"attachment-large size-large wp-image-78\" alt=\"\" srcset=\"https:\/\/www.ecogeniaequipment.com\/wp-content\/uploads\/2025\/05\/EcoGenia-Electric-Pallet-Truck-1024x684.webp 1024w, https:\/\/www.ecogeniaequipment.com\/wp-content\/uploads\/2025\/05\/EcoGenia-Electric-Pallet-Truck-300x200.webp 300w, https:\/\/www.ecogeniaequipment.com\/wp-content\/uploads\/2025\/05\/EcoGenia-Electric-Pallet-Truck-768x513.webp 768w, https:\/\/www.ecogeniaequipment.com\/wp-content\/uploads\/2025\/05\/EcoGenia-Electric-Pallet-Truck.webp 1500w\" sizes=\"(max-width: 800px) 100vw, 800px\" \/>\t\t\t\t\t\t\t\t<\/a>\n\t\t\t\t\t\t\t\t\t\t\t\t\t\t\t<\/div>\n\t\t\t\t<\/div>\n\t\t\t\t<div class=\"elementor-element elementor-element-594936f elementor-widget elementor-widget-heading\" data-id=\"594936f\" data-element_type=\"widget\" data-e-type=\"widget\" data-widget_type=\"heading.default\">\n\t\t\t\t<div class=\"elementor-widget-container\">\n\t\t\t\t\t<h2 class=\"elementor-heading-title elementor-size-default\"><a href=\"https:\/\/www.ecogeniaequipment.com\/fr\/our-products\/#electricpallettruck\">Transpalette \u00c9lectrique<\/a><\/h2>\t\t\t\t<\/div>\n\t\t\t\t<\/div>\n\t\t\t\t<div class=\"elementor-element elementor-element-2312be4 elementor-widget elementor-widget-text-editor\" data-id=\"2312be4\" data-element_type=\"widget\" data-e-type=\"widget\" data-widget_type=\"text-editor.default\">\n\t\t\t\t<div class=\"elementor-widget-container\">\n\t\t\t\t\t\t\t\t\t<p>Des performances optimis\u00e9es pour les op\u00e9rations \u00e0 haut volume, r\u00e9duisant la fatigue de l'op\u00e9rateur et augmentant le rendement. Avec un contr\u00f4le de pr\u00e9cision et une efficacit\u00e9 int\u00e9gr\u00e9e, c'est la solution id\u00e9ale pour les flux de travail rapides et intensifs.<\/p>\t\t\t\t\t\t\t\t<\/div>\n\t\t\t\t<\/div>\n\t\t\t\t<div class=\"elementor-element elementor-element-64258d4 elementor-align-center elementor-widget elementor-widget-button\" data-id=\"64258d4\" data-element_type=\"widget\" data-e-type=\"widget\" data-widget_type=\"button.default\">\n\t\t\t\t<div class=\"elementor-widget-container\">\n\t\t\t\t\t\t\t\t\t<div class=\"elementor-button-wrapper\">\n\t\t\t\t\t<a class=\"elementor-button elementor-button-link elementor-size-sm elementor-animation-bob\" href=\"https:\/\/www.ecogeniaequipment.com\/fr\/our-products\/#electricpallettruck\">\n\t\t\t\t\t\t<span class=\"elementor-button-content-wrapper\">\n\t\t\t\t\t\t\t\t\t<span class=\"elementor-button-text\">En savoir plus<\/span>\n\t\t\t\t\t<\/span>\n\t\t\t\t\t<\/a>\n\t\t\t\t<\/div>\n\t\t\t\t\t\t\t\t<\/div>\n\t\t\t\t<\/div>\n\t\t\t\t<\/div>\n\t\t<div class=\"elementor-element elementor-element-f509dcb e-con-full e-flex e-con e-child\" data-id=\"f509dcb\" data-element_type=\"container\" data-e-type=\"container\">\n\t\t\t\t<\/div>\n\t\t\t\t\t<\/div>\n\t\t\t\t<\/div>\n\t\t\t\t<section class=\"elementor-section elementor-top-section elementor-element elementor-element-72d69697 elementor-section-height-min-height elementor-section-boxed elementor-section-height-default elementor-section-items-middle\" data-id=\"72d69697\" data-element_type=\"section\" data-e-type=\"section\" data-settings=\"{&quot;background_background&quot;:&quot;classic&quot;}\">\n\t\t\t\t\t\t<div class=\"elementor-container elementor-column-gap-default\">\n\t\t\t\t\t<div class=\"elementor-column elementor-col-50 elementor-top-column elementor-element elementor-element-159e6382\" data-id=\"159e6382\" data-element_type=\"column\" data-e-type=\"column\" data-settings=\"{&quot;background_background&quot;:&quot;classic&quot;}\">\n\t\t\t<div class=\"elementor-widget-wrap elementor-element-populated\">\n\t\t\t\t\t<div class=\"elementor-background-overlay\"><\/div>\n\t\t\t\t\t\t<div class=\"elementor-element elementor-element-679eb58b elementor-widget elementor-widget-heading\" data-id=\"679eb58b\" data-element_type=\"widget\" data-e-type=\"widget\" data-widget_type=\"heading.default\">\n\t\t\t\t<div class=\"elementor-widget-container\">\n\t\t\t\t\t<h2 class=\"elementor-heading-title elementor-size-default\">\u00c0 propos de nous<\/h2>\t\t\t\t<\/div>\n\t\t\t\t<\/div>\n\t\t\t\t<div class=\"elementor-element elementor-element-10cfbdf2 elementor-widget elementor-widget-text-editor\" data-id=\"10cfbdf2\" data-element_type=\"widget\" data-e-type=\"widget\" data-widget_type=\"text-editor.default\">\n\t\t\t\t<div class=\"elementor-widget-container\">\n\t\t\t\t\t\t\t\t\t<p data-pm-slice=\"1 1 []\">Chez EcoGenia, nous pensons que l'efficacit\u00e9 et la durabilit\u00e9 doivent aller de pair. Nous sommes sp\u00e9cialis\u00e9s dans les solutions de manutention de haute performance, \u00e0 commencer par nos transpalettes \u00e9lectriques et manuels, con\u00e7us pour optimiser les op\u00e9rations d'entreposage sans compromettre la qualit\u00e9 ou la fiabilit\u00e9. En mettant l'accent sur l'innovation, la durabilit\u00e9 et le succ\u00e8s des clients, EcoGenia est votre partenaire pour am\u00e9liorer la productivit\u00e9, une palette \u00e0 la fois.<\/p>\t\t\t\t\t\t\t\t<\/div>\n\t\t\t\t<\/div>\n\t\t\t\t<div class=\"elementor-element elementor-element-4b1dd8cc elementor-align-left elementor-widget elementor-widget-button\" data-id=\"4b1dd8cc\" data-element_type=\"widget\" data-e-type=\"widget\" data-widget_type=\"button.default\">\n\t\t\t\t<div class=\"elementor-widget-container\">\n\t\t\t\t\t\t\t\t\t<div class=\"elementor-button-wrapper\">\n\t\t\t\t\t<a class=\"elementor-button elementor-button-link elementor-size-sm elementor-animation-bob\" href=\"https:\/\/www.ecogeniaequipment.com\/fr\/contact-us\/\">\n\t\t\t\t\t\t<span class=\"elementor-button-content-wrapper\">\n\t\t\t\t\t\t\t\t\t<span class=\"elementor-button-text\">En savoir plus<\/span>\n\t\t\t\t\t<\/span>\n\t\t\t\t\t<\/a>\n\t\t\t\t<\/div>\n\t\t\t\t\t\t\t\t<\/div>\n\t\t\t\t<\/div>\n\t\t\t\t\t<\/div>\n\t\t<\/div>\n\t\t\t\t<div class=\"elementor-column elementor-col-50 elementor-top-column elementor-element elementor-element-1702280a\" data-id=\"1702280a\" data-element_type=\"column\" data-e-type=\"column\">\n\t\t\t<div class=\"elementor-widget-wrap\">\n\t\t\t\t\t\t\t<\/div>\n\t\t<\/div>\n\t\t\t\t\t<\/div>\n\t\t<\/section>\n\t\t\t\t<section class=\"elementor-section elementor-top-section elementor-element elementor-element-7cf6aaa3 elementor-section-height-min-height animated-slow elementor-section-boxed elementor-section-height-default elementor-section-items-middle elementor-invisible\" data-id=\"7cf6aaa3\" data-element_type=\"section\" data-e-type=\"section\" data-settings=\"{&quot;background_background&quot;:&quot;classic&quot;,&quot;animation&quot;:&quot;fadeIn&quot;,&quot;animation_delay&quot;:300}\">\n\t\t\t\t\t\t\t<div class=\"elementor-background-overlay\"><\/div>\n\t\t\t\t\t\t\t<div class=\"elementor-container elementor-column-gap-default\">\n\t\t\t\t\t<div class=\"elementor-column elementor-col-100 elementor-top-column elementor-element elementor-element-d1572a6\" data-id=\"d1572a6\" data-element_type=\"column\" data-e-type=\"column\" data-settings=\"{&quot;background_background&quot;:&quot;classic&quot;}\">\n\t\t\t<div class=\"elementor-widget-wrap elementor-element-populated\">\n\t\t\t\t\t<div class=\"elementor-background-overlay\"><\/div>\n\t\t\t\t\t\t<div class=\"elementor-element elementor-element-d020159 elementor-widget elementor-widget-heading\" data-id=\"d020159\" data-element_type=\"widget\" data-e-type=\"widget\" data-widget_type=\"heading.default\">\n\t\t\t\t<div class=\"elementor-widget-container\">\n\t\t\t\t\t<h2 class=\"elementor-heading-title elementor-size-default\">Obtenir un prix aujourd'hui<\/h2>\t\t\t\t<\/div>\n\t\t\t\t<\/div>\n\t\t\t\t<div class=\"elementor-element elementor-element-df1b49b elementor-widget elementor-widget-text-editor\" data-id=\"df1b49b\" data-element_type=\"widget\" data-e-type=\"widget\" data-widget_type=\"text-editor.default\">\n\t\t\t\t<div class=\"elementor-widget-container\">\n\t\t\t\t\t\t\t\t\t<p>Contactez-nous pour conna\u00eetre les prix et les disponibilit\u00e9s aupr\u00e8s de l'un de nos distributeurs de confiance.<\/p>\t\t\t\t\t\t\t\t<\/div>\n\t\t\t\t<\/div>\n\t\t\t\t<div class=\"elementor-element elementor-element-292fac4 elementor-align-center elementor-widget elementor-widget-button\" data-id=\"292fac4\" data-element_type=\"widget\" data-e-type=\"widget\" data-widget_type=\"button.default\">\n\t\t\t\t<div class=\"elementor-widget-container\">\n\t\t\t\t\t\t\t\t\t<div class=\"elementor-button-wrapper\">\n\t\t\t\t\t<a class=\"elementor-button elementor-button-link elementor-size-sm elementor-animation-bob\" href=\"https:\/\/www.ecogeniaequipment.com\/fr\/contact-us\/\">\n\t\t\t\t\t\t<span class=\"elementor-button-content-wrapper\">\n\t\t\t\t\t\t\t\t\t<span class=\"elementor-button-text\">Contactez-nous<\/span>\n\t\t\t\t\t<\/span>\n\t\t\t\t\t<\/a>\n\t\t\t\t<\/div>\n\t\t\t\t\t\t\t\t<\/div>\n\t\t\t\t<\/div>\n\t\t\t\t\t<\/div>\n\t\t<\/div>\n\t\t\t\t\t<\/div>\n\t\t<\/section>\n\t\t\t\t<\/div>","protected":false},"excerpt":{"rendered":"<p>testing<\/p>","protected":false},"author":2,"featured_media":0,"parent":0,"menu_order":0,"comment_status":"closed","ping_status":"closed","template":"","meta":{"footnotes":""},"class_list":["post-36","page","type-page","status-publish","hentry"],"_links":{"self":[{"href":"https:\/\/www.ecogeniaequipment.com\/fr\/wp-json\/wp\/v2\/pages\/36","targetHints":{"allow":["GET"]}}],"collection":[{"href":"https:\/\/www.ecogeniaequipment.com\/fr\/wp-json\/wp\/v2\/pages"}],"about":[{"href":"https:\/\/www.ecogeniaequipment.com\/fr\/wp-json\/wp\/v2\/types\/page"}],"author":[{"embeddable":true,"href":"https:\/\/www.ecogeniaequipment.com\/fr\/wp-json\/wp\/v2\/users\/2"}],"replies":[{"embeddable":true,"href":"https:\/\/www.ecogeniaequipment.com\/fr\/wp-json\/wp\/v2\/comments?post=36"}],"version-history":[{"count":25,"href":"https:\/\/www.ecogeniaequipment.com\/fr\/wp-json\/wp\/v2\/pages\/36\/revisions"}],"predecessor-version":[{"id":833,"href":"https:\/\/www.ecogeniaequipment.com\/fr\/wp-json\/wp\/v2\/pages\/36\/revisions\/833"}],"wp:attachment":[{"href":"https:\/\/www.ecogeniaequipment.com\/fr\/wp-json\/wp\/v2\/media?parent=36"}],"curies":[{"name":"wp","href":"https:\/\/api.w.org\/{rel}","templated":true}]}}